{"id":3486,"date":"2019-07-05T17:41:48","date_gmt":"2019-07-05T15:41:48","guid":{"rendered":"http:\/\/www.nerjabahia.com.mialias.net\/?page_id=3486"},"modified":"2019-07-22T13:01:21","modified_gmt":"2019-07-22T11:01:21","slug":"dienstleistungen","status":"publish","type":"page","link":"https:\/\/www.nerjabahia.com\/de\/dienstleistungen\/","title":{"rendered":"Dienstleistungen"},"content":{"rendered":"<p><section id=\"bt_section69eddc2b7485a\" data-parallax=\"0.1\" data-parallax-offset=\"-100\" class=\"boldSection topSpaced bottomSpaced btDarkSkin gutter inherit btParallax wBackground cover\" style=\"background-image:url('https:\/\/www.nerjabahia.com\/wp-content\/uploads\/2019\/06\/header-servicios.jpg');\"><div class=\"port\"><div class=\"boldCell\"><div class=\"boldCellInner\"><div class=\"boldRow \" ><div class=\"boldRowInner\"><div class=\"rowItem col-md-6 col-sm-12 btTextLeft inherit\"  data-width=\"6\"><div class=\"rowItemContent\" ><div class=\"rowItemContentInner\"><\/div><\/div><\/div><div class=\"rowItem col-md-6 col-sm-12 btTextLeft\"  data-width=\"6\"><div class=\"rowItemContent\" ><div class=\"rowItemContentInner\"><div class=\"btClear btSeparator bottomSpaced noBorder\" ><hr><\/div><header class=\"header btClear large btDash bottomDash  btHeadlineDefaultColor btBottomDashAlternateColor\" style=\"text-shadow: 2px 2px 2px rgba(0,0,0,0.30);\"><div class=\"dash\"><h2><span class=\"headline\"><i class=\"animate\">Dienstleistungen Nerja Bah\u00eda<\/i><\/span><\/h2><\/div><\/header><div class=\"btClear btSeparator bottomSpaced noBorder\" ><hr><\/div><\/div><\/div><\/div><\/div><\/div><div class=\"boldRow \" ><div class=\"boldRowInner\"><\/div><\/div><\/div><\/div><\/div><\/section><section id=\"bt_section69eddc2b74b11\"  class=\"boldSection topSpaced bottomSemiSpaced gutter inherit\" ><div class=\"port\"><div class=\"boldCell\"><div class=\"boldCellInner\"><div class=\"boldRow \" ><div class=\"boldRowInner\"><div class=\"rowItem col-md-12 col-ms-12  btTextCenter btMiddleVertical\"  data-width=\"12\"><div class=\"rowItemContent\" ><div class=\"rowItemContentInner\"><header class=\"header btClear extralarge btDash bottomDash  btHeadlineDefaultColor btBottomDashAlternateColor\" ><div class=\"dash\"><h1><span class=\"headline\">Dienstleistungen<\/span><\/h1><\/div><div class=\"btSubTitle\">Das Geb\u00e4ude verf\u00fcgt \u00fcber einen Aufzug, eine Bibliothek, kostenfreies WLAN und eine Klimaanlage \/ Heizung. 24-Stunden-EMPFANG, wo private PARKING-Services im Untergeschoss des Geb\u00e4udes mit Zugang zu den Apartments, Safe, Selbstbedienungs-W\u00e4scherei (Waschmaschine und Trockner), Transfer zum Flughafen, medizinischer Service und Massage angeboten werden. Freuen Sie sich auch auf einen Au\u00dfenpool auf einer gro\u00dfen Sonnenterrasse mit Liegest\u00fchlen, Sonnenschirmen und Meerblick. Darunter und am Meer gibt es Gesch\u00e4fte mit Geschenk- und Bekleidungsgesch\u00e4ften, Caf\u00e9s und Restaurants mit Terrassen, Eisdielen, Strandbars und einen Supermarkt.<\/div><\/header><\/div><\/div><\/div><\/div><\/div><\/div><\/div><\/div><\/section><section id=\"bt_section69eddc2b75217\" data-parallax=\"0.5\" data-parallax-offset=\"0\" class=\"boldSection bottomSemiSpaced gutter inherit btParallax wBackground cover\" style=\"background-color:#f9f9f9;background-image:url('https:\/\/www.nerjabahia.com\/wp-content\/uploads\/2019\/06\/dormitorio-background.jpg');\"><div class=\"port\"><div class=\"boldCell\"><div class=\"boldCellInner\"><div class=\"boldRow \" ><div class=\"boldRowInner\"><div class=\"rowItem col-md-12 col-ms-12  btTextCenter inherit\"  data-width=\"12\"><div class=\"rowItemContent\" ><div class=\"rowItemContentInner\"><div class=\"bpgPhoto \"  style=\"width: 60px; margin-top: -28px;\"><div class = \"btImage\"><img decoding=\"async\" src=\"\" alt=\"\" ><\/div><\/div><div class=\"btClear btSeparator topSpaced noBorder\" ><hr><\/div><\/div><\/div><\/div><\/div><\/div><div class=\"boldRow \" ><div class=\"boldRowInner\"><div class=\"rowItem col-md-3 col-sm-6 col-ms-12 btTextLeft inherit btDoublePadding\" style=\"background-color: rgba(255, 255, 255, 1);\" data-width=\"3\"><div class=\"rowItemContent\" ><div class=\"rowItemContentInner\"><div class=\"btClear btSeparator topSmallSpaced bottomSmallSpaced noBorder\" ><hr><\/div><header class=\"header btClear large btDash bottomDash linea-title1 btHeadlineDefaultColor btBottomDashAlternateColor\" style=\"color:#004d97;\"><div class=\"dash\"><div class=\"btSuperTitle\"><span>Unsere<\/span><\/div><h2><span class=\"headline\">Leistungen<\/span><\/h2><\/div><div class=\"btSubTitle\">Genie\u00dfen Sie die Serviceleistungen, die wir in den Nerja Bah\u00eda Tourist Apartments anbieten, mit allem, was Sie f\u00fcr unvergessliche Tage ben\u00f6tigen.<\/div><\/header><div class=\"btClear btSeparator topSmallSpaced bottomExtraSmallSpaced noBorder\" ><hr><\/div><\/div><\/div><\/div><div class=\"rowItem col-md-9 col-ms-12  btTextLeft inherit\"  data-width=\"9\"><div class=\"rowItemContent\" ><div class=\"rowItemContentInner\"><div class=\"boldRow \" ><div class=\"boldRowInner\"><div class=\"rowItem rowInnerItem col-ms-4  btTextLeft inherit btTextIndent\"  ><div class=\"rowItemContent\"><div class=\"rowItemContentInner\"><div class=\"btIconImageRow\" ><span class=\"btIco btIcoDefaultType btIcoLargeSize btIcoAccentColor\"><span  data-ico-cs=\"&#xea53;\" class=\"btIcoHolder\"><\/span><\/span><\/div><div class=\"btClear btSeparator topSmallSpaced noBorder\" ><hr><\/div><header class=\"header btClear small btDash bottomDash  btHeadlineDefaultColor btBottomDashAccentColor\" ><div class=\"dash\"><h4><span class=\"headline\">Kostenloses WiFi Internet<\/span><\/h4><\/div><\/header><div class=\"btClear btSeparator topSemiSpaced noBorder\" ><hr><\/div><\/div><\/div><\/div><div class=\"rowItem rowInnerItem col-ms-4  btTextLeft inherit btTextIndent\"  ><div class=\"rowItemContent\"><div class=\"rowItemContentInner\"><div class=\"btIconImageRow\" ><span class=\"btIco btIcoDefaultType btIcoLargeSize btIcoAccentColor\"><span  data-ico-ha=\"&#xf144;\" class=\"btIcoHolder\"><\/span><\/span><\/div><div class=\"btClear btSeparator topSmallSpaced noBorder\" ><hr><\/div><header class=\"header btClear small btDash bottomDash  btHeadlineDefaultColor btBottomDashAccentColor\" ><div class=\"dash\"><h4><span class=\"headline\">24 Stunden Rezeption<\/span><\/h4><\/div><\/header><div class=\"btClear btSeparator topSemiSpaced noBorder\" ><hr><\/div><\/div><\/div><\/div><div class=\"rowItem rowInnerItem col-ms-4  btTextLeft inherit btTextIndent\"  ><div class=\"rowItemContent\"><div class=\"rowItemContentInner\"><div class=\"btIconImageRow\" ><span class=\"btIco btIcoDefaultType btIcoLargeSize btIcoAccentColor\"><span  data-ico-cs=\"&#xea1c;\" class=\"btIcoHolder\"><\/span><\/span><\/div><div class=\"btClear btSeparator topSmallSpaced noBorder\" ><hr><\/div><header class=\"header btClear small btDash bottomDash  btHeadlineDefaultColor btBottomDashAccentColor\" ><div class=\"dash\"><h4><span class=\"headline\">Pool<\/span><\/h4><\/div><\/header><div class=\"btClear btSeparator topSemiSpaced noBorder\" ><hr><\/div><\/div><\/div><\/div><\/div><\/div><div class=\"boldRow \" ><div class=\"boldRowInner\"><div class=\"rowItem rowInnerItem col-ms-4  btTextLeft inherit btTextIndent\"  ><div class=\"rowItemContent\"><div class=\"rowItemContentInner\"><div class=\"btIconImageRow\" ><span class=\"btIco btIcoDefaultType btIcoLargeSize btIcoAccentColor\"><span  data-ico-ha=\"&#xf101;\" class=\"btIcoHolder\"><\/span><\/span><\/div><div class=\"btClear btSeparator topSmallSpaced noBorder\" ><hr><\/div><header class=\"header btClear small btDash bottomDash  btHeadlineDefaultColor btBottomDashAccentColor\" ><div class=\"dash\"><h4><span class=\"headline\">Klimaanlage<\/span><\/h4><\/div><\/header><div class=\"btClear btSeparator topSemiSpaced noBorder\" ><hr><\/div><\/div><\/div><\/div><div class=\"rowItem rowInnerItem col-ms-4  btTextLeft inherit btTextIndent\"  ><div class=\"rowItemContent\"><div class=\"rowItemContentInner\"><div class=\"btIconImageRow\" ><span class=\"btIco btIcoDefaultType btIcoLargeSize btIcoAccentColor\"><span  data-ico-ha=\"&#xf11a;\" class=\"btIcoHolder\"><\/span><\/span><\/div><div class=\"btClear btSeparator topSmallSpaced noBorder\" ><hr><\/div><header class=\"header btClear small btDash bottomDash  btHeadlineDefaultColor btBottomDashAccentColor\" ><div class=\"dash\"><h4><span class=\"headline\">Fahrstuhl<\/span><\/h4><\/div><\/header><div class=\"btClear btSeparator topSemiSpaced noBorder\" ><hr><\/div><\/div><\/div><\/div><div class=\"rowItem rowInnerItem col-ms-4  btTextLeft inherit btTextIndent\"  ><div class=\"rowItemContent\"><div class=\"rowItemContentInner\"><div class=\"btIconImageRow\" ><span class=\"btIco btIcoDefaultType btIcoLargeSize btIcoAccentColor\"><span  data-ico-ha=\"&#xf141;\" class=\"btIcoHolder\"><\/span><\/span><\/div><div class=\"btClear btSeparator topSmallSpaced noBorder\" ><hr><\/div><header class=\"header btClear small btDash bottomDash  btHeadlineDefaultColor btBottomDashAccentColor\" style=\"color: red;\"><div class=\"dash\"><div class=\"btSuperTitle\"><span>Zus\u00e4tzlicher Service<\/span><\/div><h4><span class=\"headline\">privater Parkplatz<\/span><\/h4><\/div><\/header><div class=\"btClear btSeparator topSemiSpaced noBorder\" ><hr><\/div><\/div><\/div><\/div><\/div><\/div><div class=\"boldRow \" ><div class=\"boldRowInner\"><div class=\"rowItem rowInnerItem col-ms-4  btTextLeft inherit btTextIndent\"  ><div class=\"rowItemContent\"><div class=\"rowItemContentInner\"><div class=\"btIconImageRow\" ><span class=\"btIco btIcoDefaultType btIcoLargeSize btIcoAccentColor\"><span  data-ico-cs=\"&#xea20;\" class=\"btIcoHolder\"><\/span><\/span><\/div><div class=\"btClear btSeparator topSmallSpaced noBorder\" ><hr><\/div><header class=\"header btClear small btDash bottomDash  btHeadlineDefaultColor btBottomDashAccentColor\" ><div class=\"dash\"><h4><span class=\"headline\">W\u00e4scherei mit Selbstbedienung<\/span><\/h4><\/div><\/header><div class=\"btClear btSeparator topSemiSpaced noBorder\" ><hr><\/div><\/div><\/div><\/div><div class=\"rowItem rowInnerItem col-ms-4  btTextLeft inherit btTextIndent\"  ><div class=\"rowItemContent\"><div class=\"rowItemContentInner\"><div class=\"btIconImageRow\" ><span class=\"btIco btIcoDefaultType btIcoLargeSize btIcoAccentColor\"><span  data-ico-cs=\"&#xea2e;\" class=\"btIcoHolder\"><\/span><\/span><\/div><div class=\"btClear btSeparator topSmallSpaced noBorder\" ><hr><\/div><header class=\"header btClear small btDash bottomDash  btHeadlineDefaultColor btBottomDashAccentColor\" ><div class=\"dash\"><h4><span class=\"headline\">Flughafentransfer<\/span><\/h4><\/div><\/header><div class=\"btClear btSeparator topSemiSpaced noBorder\" ><hr><\/div><\/div><\/div><\/div><div class=\"rowItem rowInnerItem col-ms-4  btTextLeft inherit btTextIndent\"  ><div class=\"rowItemContent\"><div class=\"rowItemContentInner\"><div class=\"btIconImageRow\" ><span class=\"btIco btIcoDefaultType btIcoLargeSize btIcoAccentColor\"><span  data-ico-ha=\"&#xf14d;\" class=\"btIcoHolder\"><\/span><\/span><\/div><div class=\"btClear btSeparator topSmallSpaced noBorder\" ><hr><\/div><header class=\"header btClear small btDash bottomDash  btHeadlineDefaultColor btBottomDashAccentColor\" style=\"color: red;\"><div class=\"dash\"><div class=\"btSuperTitle\"><span>Zus\u00e4tzlicher Service<\/span><\/div><h4><span class=\"headline\">Sicher<\/span><\/h4><\/div><\/header><div class=\"btClear btSeparator topSemiSpaced noBorder\" ><hr><\/div><\/div><\/div><\/div><\/div><\/div><\/div><\/div><\/div><\/div><\/div><div class=\"boldRow \" ><div class=\"boldRowInner\"><\/div><\/div><\/div><\/div><\/div><\/section><section id=\"bt_section69eddc2b7631d\"  class=\"boldSection topSpaced bottomSpaced gutter inherit\" ><div class=\"port\"><div class=\"boldCell\"><div class=\"boldCellInner\"><div class=\"boldRow \" ><div class=\"boldRowInner\"><div class=\"rowItem col-md-4 col-ms-12 btTextLeft animate animate-fadein btTextIndent btMiddleVertical btDoublePadding\"  data-width=\"4\"><div class=\"rowItemContent\" background-color: rgba(245, 245, 245, 1); ><div class=\"rowItemContentInner\"><div class=\"btClear btSeparator bottomSmallSpaced noBorder\" ><hr><\/div><header class=\"header btClear large btDash bottomDash linea-title1 btHeadlineDefaultColor btBottomDashAlternateColor\" style=\"color:#004d97;\"><div class=\"dash\"><div class=\"btSuperTitle\"><span>Entspannen &amp; Ausruhen<\/span><\/div><h2><span class=\"headline\">Pool<\/span><\/h2><\/div><div class=\"btSubTitle\">Die Apartamentos Nerja Bah\u00eda bieten einen Au\u00dfenpool und eine Sonnenterrasse mit Liegest\u00fchlen, Sonnenschirmen und herrlichem Blick auf den Strand Burriana, die Promenade und die Klippen. Wir haben direkten Zugang von der Terrasse zum Strand.<\/div><\/header><div class=\"btClear btSeparator bottomSmallSpaced noBorder\" ><hr><\/div><\/div><\/div><\/div><div class=\"rowItem col-md-8 col-ms-12 btTextLeft animate animate-fadein inherit\"  data-width=\"8\"><div class=\"rowItemContent\" ><div class=\"rowItemContentInner\"><div class=\"slided autoSliderHeight btSliderHidePaging btCarouselSmallNav\" data-simple_arrows=\"yes\"><div class=\"slidedItem firstItem\"  data-thumb=\"\"><div class=\"btSliderPort wBackground cover\" style=\"background-image: url('')\"><div class=\"btSliderCell\" data-slick=\"yes\"><div class=\"btSlideGutter\"><div class=\"btSlidePane\"><div class=\"bpgPhoto \" ><div class = \"btImage\"><img decoding=\"async\" src=\"https:\/\/www.nerjabahia.com\/wp-content\/uploads\/2019\/06\/piscina-apartamentos-nerja-bahia2.jpg\" alt=\"Piscina terraza apartamentos Nerja Bah\u00eda\" ><\/div><\/div><\/div><\/div><\/div><\/div><\/div><div class=\"slidedItem firstItem\"  data-thumb=\"\"><div class=\"btSliderPort wBackground cover\" style=\"background-image: url('')\"><div class=\"btSliderCell\" data-slick=\"yes\"><div class=\"btSlideGutter\"><div class=\"btSlidePane\"><div class=\"bpgPhoto \" ><div class = \"btImage\"><img decoding=\"async\" src=\"https:\/\/www.nerjabahia.com\/wp-content\/uploads\/2019\/06\/piscina-apartamentos-nerja-bahia.jpg\" alt=\"Piscina terraza apartamentos Nerja Bah\u00eda\" ><\/div><\/div><\/div><\/div><\/div><\/div><\/div><div class=\"slidedItem firstItem\"  data-thumb=\"\"><div class=\"btSliderPort wBackground cover\" style=\"background-image: url('')\"><div class=\"btSliderCell\" data-slick=\"yes\"><div class=\"btSlideGutter\"><div class=\"btSlidePane\"><div class=\"bpgPhoto \" ><div class = \"btImage\"><img decoding=\"async\" src=\"https:\/\/www.nerjabahia.com\/wp-content\/uploads\/2019\/06\/piscina-terraza-nerja-bahia.jpg\" alt=\"Piscina terraza apartamentos Nerja Bah\u00eda\" ><\/div><\/div><\/div><\/div><\/div><\/div><\/div><div class=\"slidedItem firstItem\"  data-thumb=\"\"><div class=\"btSliderPort wBackground cover\" style=\"background-image: url('')\"><div class=\"btSliderCell\" data-slick=\"yes\"><div class=\"btSlideGutter\"><div class=\"btSlidePane\"><div class=\"bpgPhoto \" ><div class = \"btImage\"><img decoding=\"async\" src=\"https:\/\/www.nerjabahia.com\/wp-content\/uploads\/2019\/06\/terraza-piscina-apartamentos-nerja-bahia.jpg\" alt=\"Piscina terraza apartamentos Nerja Bah\u00eda\" ><\/div><\/div><\/div><\/div><\/div><\/div><\/div><div class=\"slidedItem firstItem\"  data-thumb=\"\"><div class=\"btSliderPort wBackground cover\" style=\"background-image: url('')\"><div class=\"btSliderCell\" data-slick=\"yes\"><div class=\"btSlideGutter\"><div class=\"btSlidePane\"><div class=\"bpgPhoto \" ><div class = \"btImage\"><img decoding=\"async\" src=\"https:\/\/www.nerjabahia.com\/wp-content\/uploads\/2019\/06\/piscina-terraza-apartamentos-nerja-bahia.jpg\" alt=\"Piscina terraza apartamentos Nerja Bah\u00eda\" ><\/div><\/div><\/div><\/div><\/div><\/div><\/div><\/div><\/div><\/div><\/div><\/div><\/div><\/div><\/div><\/div><\/section><\/p>\n","protected":false},"excerpt":{"rendered":"","protected":false},"author":1,"featured_media":0,"parent":0,"menu_order":0,"comment_status":"closed","ping_status":"closed","template":"","meta":{"footnotes":""},"class_list":["post-3486","page","type-page","status-publish","hentry"],"yoast_head":"<!-- This site is optimized with the Yoast SEO plugin v26.5 - https:\/\/yoast.com\/wordpress\/plugins\/seo\/ -->\n<title>Dienstleistungen - Apartamentos Tur\u00edsticos Nerja Bah\u00eda<\/title>\n<meta name=\"robots\" content=\"index, follow, max-snippet:-1, max-image-preview:large, max-video-preview:-1\" \/>\n<link rel=\"canonical\" href=\"https:\/\/www.nerjabahia.com\/de\/dienstleistungen\/\" \/>\n<meta property=\"og:locale\" content=\"de_DE\" \/>\n<meta property=\"og:type\" content=\"article\" \/>\n<meta property=\"og:title\" content=\"Dienstleistungen - Apartamentos Tur\u00edsticos Nerja Bah\u00eda\" \/>\n<meta property=\"og:url\" content=\"https:\/\/www.nerjabahia.com\/de\/dienstleistungen\/\" \/>\n<meta property=\"og:site_name\" content=\"Apartamentos Tur\u00edsticos Nerja Bah\u00eda\" \/>\n<meta property=\"article:modified_time\" content=\"2019-07-22T11:01:21+00:00\" \/>\n<meta name=\"twitter:card\" content=\"summary_large_image\" \/>\n<meta name=\"twitter:label1\" content=\"Gesch\u00e4tzte Lesezeit\" \/>\n\t<meta name=\"twitter:data1\" content=\"11\u00a0Minuten\" \/>\n<script type=\"application\/ld+json\" class=\"yoast-schema-graph\">{\"@context\":\"https:\/\/schema.org\",\"@graph\":[{\"@type\":\"WebPage\",\"@id\":\"https:\/\/www.nerjabahia.com\/de\/dienstleistungen\/\",\"url\":\"https:\/\/www.nerjabahia.com\/de\/dienstleistungen\/\",\"name\":\"Dienstleistungen - Apartamentos Tur\u00edsticos Nerja Bah\u00eda\",\"isPartOf\":{\"@id\":\"https:\/\/www.nerjabahia.com\/#website\"},\"datePublished\":\"2019-07-05T15:41:48+00:00\",\"dateModified\":\"2019-07-22T11:01:21+00:00\",\"breadcrumb\":{\"@id\":\"https:\/\/www.nerjabahia.com\/de\/dienstleistungen\/#breadcrumb\"},\"inLanguage\":\"de\",\"potentialAction\":[{\"@type\":\"ReadAction\",\"target\":[\"https:\/\/www.nerjabahia.com\/de\/dienstleistungen\/\"]}]},{\"@type\":\"BreadcrumbList\",\"@id\":\"https:\/\/www.nerjabahia.com\/de\/dienstleistungen\/#breadcrumb\",\"itemListElement\":[{\"@type\":\"ListItem\",\"position\":1,\"name\":\"Portada\",\"item\":\"https:\/\/www.nerjabahia.com\/de\/\"},{\"@type\":\"ListItem\",\"position\":2,\"name\":\"Dienstleistungen\"}]},{\"@type\":\"WebSite\",\"@id\":\"https:\/\/www.nerjabahia.com\/#website\",\"url\":\"https:\/\/www.nerjabahia.com\/\",\"name\":\"Apartamentos Tur\u00edsticos Nerja Bah\u00eda\",\"description\":\"\",\"publisher\":{\"@id\":\"https:\/\/www.nerjabahia.com\/#organization\"},\"potentialAction\":[{\"@type\":\"SearchAction\",\"target\":{\"@type\":\"EntryPoint\",\"urlTemplate\":\"https:\/\/www.nerjabahia.com\/?s={search_term_string}\"},\"query-input\":{\"@type\":\"PropertyValueSpecification\",\"valueRequired\":true,\"valueName\":\"search_term_string\"}}],\"inLanguage\":\"de\"},{\"@type\":\"Organization\",\"@id\":\"https:\/\/www.nerjabahia.com\/#organization\",\"name\":\"Apartamentos Tur\u00edsticos Nerja Bah\u00eda\",\"url\":\"https:\/\/www.nerjabahia.com\/\",\"logo\":{\"@type\":\"ImageObject\",\"inLanguage\":\"de\",\"@id\":\"https:\/\/www.nerjabahia.com\/#\/schema\/logo\/image\/\",\"url\":\"https:\/\/www.nerjabahia.com\/wp-content\/uploads\/2019\/05\/logo-nerja-bahia-blue75.png\",\"contentUrl\":\"https:\/\/www.nerjabahia.com\/wp-content\/uploads\/2019\/05\/logo-nerja-bahia-blue75.png\",\"width\":275,\"height\":126,\"caption\":\"Apartamentos Tur\u00edsticos Nerja Bah\u00eda\"},\"image\":{\"@id\":\"https:\/\/www.nerjabahia.com\/#\/schema\/logo\/image\/\"}}]}<\/script>\n<!-- \/ Yoast SEO plugin. -->","yoast_head_json":{"title":"Dienstleistungen - Apartamentos Tur\u00edsticos Nerja Bah\u00eda","robots":{"index":"index","follow":"follow","max-snippet":"max-snippet:-1","max-image-preview":"max-image-preview:large","max-video-preview":"max-video-preview:-1"},"canonical":"https:\/\/www.nerjabahia.com\/de\/dienstleistungen\/","og_locale":"de_DE","og_type":"article","og_title":"Dienstleistungen - Apartamentos Tur\u00edsticos Nerja Bah\u00eda","og_url":"https:\/\/www.nerjabahia.com\/de\/dienstleistungen\/","og_site_name":"Apartamentos Tur\u00edsticos Nerja Bah\u00eda","article_modified_time":"2019-07-22T11:01:21+00:00","twitter_card":"summary_large_image","twitter_misc":{"Gesch\u00e4tzte Lesezeit":"11\u00a0Minuten"},"schema":{"@context":"https:\/\/schema.org","@graph":[{"@type":"WebPage","@id":"https:\/\/www.nerjabahia.com\/de\/dienstleistungen\/","url":"https:\/\/www.nerjabahia.com\/de\/dienstleistungen\/","name":"Dienstleistungen - Apartamentos Tur\u00edsticos Nerja Bah\u00eda","isPartOf":{"@id":"https:\/\/www.nerjabahia.com\/#website"},"datePublished":"2019-07-05T15:41:48+00:00","dateModified":"2019-07-22T11:01:21+00:00","breadcrumb":{"@id":"https:\/\/www.nerjabahia.com\/de\/dienstleistungen\/#breadcrumb"},"inLanguage":"de","potentialAction":[{"@type":"ReadAction","target":["https:\/\/www.nerjabahia.com\/de\/dienstleistungen\/"]}]},{"@type":"BreadcrumbList","@id":"https:\/\/www.nerjabahia.com\/de\/dienstleistungen\/#breadcrumb","itemListElement":[{"@type":"ListItem","position":1,"name":"Portada","item":"https:\/\/www.nerjabahia.com\/de\/"},{"@type":"ListItem","position":2,"name":"Dienstleistungen"}]},{"@type":"WebSite","@id":"https:\/\/www.nerjabahia.com\/#website","url":"https:\/\/www.nerjabahia.com\/","name":"Apartamentos Tur\u00edsticos Nerja Bah\u00eda","description":"","publisher":{"@id":"https:\/\/www.nerjabahia.com\/#organization"},"potentialAction":[{"@type":"SearchAction","target":{"@type":"EntryPoint","urlTemplate":"https:\/\/www.nerjabahia.com\/?s={search_term_string}"},"query-input":{"@type":"PropertyValueSpecification","valueRequired":true,"valueName":"search_term_string"}}],"inLanguage":"de"},{"@type":"Organization","@id":"https:\/\/www.nerjabahia.com\/#organization","name":"Apartamentos Tur\u00edsticos Nerja Bah\u00eda","url":"https:\/\/www.nerjabahia.com\/","logo":{"@type":"ImageObject","inLanguage":"de","@id":"https:\/\/www.nerjabahia.com\/#\/schema\/logo\/image\/","url":"https:\/\/www.nerjabahia.com\/wp-content\/uploads\/2019\/05\/logo-nerja-bahia-blue75.png","contentUrl":"https:\/\/www.nerjabahia.com\/wp-content\/uploads\/2019\/05\/logo-nerja-bahia-blue75.png","width":275,"height":126,"caption":"Apartamentos Tur\u00edsticos Nerja Bah\u00eda"},"image":{"@id":"https:\/\/www.nerjabahia.com\/#\/schema\/logo\/image\/"}}]}},"_links":{"self":[{"href":"https:\/\/www.nerjabahia.com\/de\/wp-json\/wp\/v2\/pages\/3486","targetHints":{"allow":["GET"]}}],"collection":[{"href":"https:\/\/www.nerjabahia.com\/de\/wp-json\/wp\/v2\/pages"}],"about":[{"href":"https:\/\/www.nerjabahia.com\/de\/wp-json\/wp\/v2\/types\/page"}],"author":[{"embeddable":true,"href":"https:\/\/www.nerjabahia.com\/de\/wp-json\/wp\/v2\/users\/1"}],"replies":[{"embeddable":true,"href":"https:\/\/www.nerjabahia.com\/de\/wp-json\/wp\/v2\/comments?post=3486"}],"version-history":[{"count":10,"href":"https:\/\/www.nerjabahia.com\/de\/wp-json\/wp\/v2\/pages\/3486\/revisions"}],"predecessor-version":[{"id":4005,"href":"https:\/\/www.nerjabahia.com\/de\/wp-json\/wp\/v2\/pages\/3486\/revisions\/4005"}],"wp:attachment":[{"href":"https:\/\/www.nerjabahia.com\/de\/wp-json\/wp\/v2\/media?parent=3486"}],"curies":[{"name":"wp","href":"https:\/\/api.w.org\/{rel}","templated":true}]}}