{"id":3519,"date":"2019-07-05T21:22:41","date_gmt":"2019-07-05T19:22:41","guid":{"rendered":"http:\/\/www.nerjabahia.com.mialias.net\/?page_id=3519"},"modified":"2025-12-22T13:15:01","modified_gmt":"2025-12-22T12:15:01","slug":"buchung","status":"publish","type":"page","link":"https:\/\/www.nerjabahia.com\/de\/buchung\/","title":{"rendered":"Buchung"},"content":{"rendered":"<p><section id=\"bt_section69f26e1a73ca6\"  class=\"boldSection gutter inherit\" ><div class=\"port\"><div class=\"boldCell\"><div class=\"boldCellInner\"><div class=\"boldRow \" ><div class=\"boldRowInner\"><div class=\"rowItem col-md-12 col-ms-12  btTextLeft\"  data-width=\"12\"><div class=\"rowItemContent\" ><div class=\"rowItemContentInner\"><div class=\"btClear btSeparator topSmallSpaced bottomSmallSpaced border\" ><hr><\/div><div class=\"btText\" ><\/p>\n<p><iframe loading=\"lazy\" class=\"book-amenitiz\" style=\"top: 0; left: 0; bottom: 0; right: 0; width: 100%; height: 100%; border: none; margin: 0; padding: 0; overflow: hidden;\" src=\"https:\/\/apartamentos-nerja-bahia.amenitiz.io\/de\/booking\/room#DatesGuests-BE\" name=\"myiFrame\" width=\"100%\" height=\"100%\" marginwidth=\"0\" marginheight=\"0\"><span data-mce-type=\"bookmark\" style=\"display: inline-block; width: 0px; overflow: hidden; line-height: 0;\" class=\"mce_SELRES_start\">\ufeff<\/span><span data-mce-type=\"bookmark\" style=\"display: inline-block; width: 0px; overflow: hidden; line-height: 0;\" class=\"mce_SELRES_start\">\ufeff<\/span><span data-mce-type=\"bookmark\" style=\"display: inline-block; width: 0px; overflow: hidden; line-height: 0;\" class=\"mce_SELRES_start\">\ufeff<\/span><\/iframe><\/p>\n<p>\n<\/div><\/div><\/div><\/div><\/div><\/div><\/div><\/div><\/div><\/section><section id=\"bt_section69f26e1a73f14\"  class=\"boldSection topSpaced gutter inherit\" ><div class=\"port\"><div class=\"boldCell\"><div class=\"boldCellInner\"><div class=\"boldRow \" ><div class=\"boldRowInner\"><div class=\"rowItem col-md-12 col-ms-12  btTextCenter inherit\"  data-width=\"12\"><div class=\"rowItemContent\" ><div class=\"rowItemContentInner\"><div class=\"btClear btSeparator topSmallSpaced bottomSmallSpaced border\" ><hr><\/div><div class=\"btText\" ><\/p>\n<header class=\"header btClear extralarge btHeadlineDefaultColor btBottomDashDefaultColor\">\n<div class=\"dash\">\n<h4><span class=\"headline\">SAISON 2026 ER\u00d6FFNET vom 01. MAI bis 24. OKTOBER<\/span><\/h4>\n<h4><span class=\"headline\">Pr\u00fcfen Sie die Verf\u00fcgbarkeit unserer Apartments f\u00fcr Kurzaufenthalte<\/span><\/h4>\n<\/div>\n<\/header>\n<div class=\"btText\">\n<p>Bei Apartamentos Tur\u00edsticos Nerja Bah\u00eda bieten wir stets die besten Mietbedingungen f\u00fcr kurze und lange Aufenthalte. Derzeit haben wir in unseren <a href=\"https:\/\/www.nerjabahia.com\/de\/allgemeine-bedingungen\/\" target=\"_blank\" rel=\"noopener\"><strong> Buchungsbedingungen<\/strong><\/a> f\u00fcr die Hochsaison eine Mindestbuchungsdauer von 7 N\u00e4chten festgelegt, aber wir verstehen, dass viele G\u00e4ste k\u00fcrzere Aufenthalte w\u00fcnschen.<br \/>Wenn Sie eine Kurzzeitbuchung vornehmen m\u00f6chten, k\u00f6nnen Sie die Verf\u00fcgbarkeit direkt in unserer Buchungsmaschine \u00fcberpr\u00fcfen oder sich mit uns in Verbindung setzen, um zu erfahren, ob wir Ihnen eine Ihren Terminen entsprechende Option anbieten k\u00f6nnen.<\/p>\n<\/div>\n<p>\n<\/div><div class=\"btClear btSeparator topSmallSpaced bottomSmallSpaced noBorder\" ><hr><\/div><a href=\"\/de\/kontakt\/\" class=\"btBtn btBtn btnOutlineStyle btnNormalColor btnSmall btnNormalWidth btnRightPosition btnIco\" ><span class=\"btnInnerText\">Ben\u00f6tigen Sie einen k\u00fcrzeren Aufenthalt? Kontaktieren Sie uns.<\/span><span class=\"btIco \"><span  data-ico-fa=\"&#xf073;\" class=\"btIcoHolder\"><\/span><\/span><\/a><\/div><\/div><\/div><\/div><\/div><\/div><\/div><\/div><\/section><\/p>\n","protected":false},"excerpt":{"rendered":"","protected":false},"author":1,"featured_media":0,"parent":0,"menu_order":0,"comment_status":"closed","ping_status":"closed","template":"","meta":{"footnotes":""},"class_list":["post-3519","page","type-page","status-publish","hentry"],"yoast_head":"<!-- This site is optimized with the Yoast SEO plugin v26.5 - https:\/\/yoast.com\/wordpress\/plugins\/seo\/ -->\n<title>Buchung - Apartamentos Tur\u00edsticos Nerja Bah\u00eda<\/title>\n<meta name=\"robots\" content=\"index, follow, max-snippet:-1, max-image-preview:large, max-video-preview:-1\" \/>\n<link rel=\"canonical\" href=\"https:\/\/www.nerjabahia.com\/de\/buchung\/\" \/>\n<meta property=\"og:locale\" content=\"de_DE\" \/>\n<meta property=\"og:type\" content=\"article\" \/>\n<meta property=\"og:title\" content=\"Buchung - Apartamentos Tur\u00edsticos Nerja Bah\u00eda\" \/>\n<meta property=\"og:url\" content=\"https:\/\/www.nerjabahia.com\/de\/buchung\/\" \/>\n<meta property=\"og:site_name\" content=\"Apartamentos Tur\u00edsticos Nerja Bah\u00eda\" \/>\n<meta property=\"article:modified_time\" content=\"2025-12-22T12:15:01+00:00\" \/>\n<meta name=\"twitter:card\" content=\"summary_large_image\" \/>\n<meta name=\"twitter:label1\" content=\"Gesch\u00e4tzte Lesezeit\" \/>\n\t<meta name=\"twitter:data1\" content=\"1\u00a0Minute\" \/>\n<script type=\"application\/ld+json\" class=\"yoast-schema-graph\">{\"@context\":\"https:\/\/schema.org\",\"@graph\":[{\"@type\":\"WebPage\",\"@id\":\"https:\/\/www.nerjabahia.com\/de\/buchung\/\",\"url\":\"https:\/\/www.nerjabahia.com\/de\/buchung\/\",\"name\":\"Buchung - Apartamentos Tur\u00edsticos Nerja Bah\u00eda\",\"isPartOf\":{\"@id\":\"https:\/\/www.nerjabahia.com\/#website\"},\"datePublished\":\"2019-07-05T19:22:41+00:00\",\"dateModified\":\"2025-12-22T12:15:01+00:00\",\"breadcrumb\":{\"@id\":\"https:\/\/www.nerjabahia.com\/de\/buchung\/#breadcrumb\"},\"inLanguage\":\"de\",\"potentialAction\":[{\"@type\":\"ReadAction\",\"target\":[\"https:\/\/www.nerjabahia.com\/de\/buchung\/\"]}]},{\"@type\":\"BreadcrumbList\",\"@id\":\"https:\/\/www.nerjabahia.com\/de\/buchung\/#breadcrumb\",\"itemListElement\":[{\"@type\":\"ListItem\",\"position\":1,\"name\":\"Portada\",\"item\":\"https:\/\/www.nerjabahia.com\/de\/\"},{\"@type\":\"ListItem\",\"position\":2,\"name\":\"Buchung\"}]},{\"@type\":\"WebSite\",\"@id\":\"https:\/\/www.nerjabahia.com\/#website\",\"url\":\"https:\/\/www.nerjabahia.com\/\",\"name\":\"Apartamentos Tur\u00edsticos Nerja Bah\u00eda\",\"description\":\"\",\"publisher\":{\"@id\":\"https:\/\/www.nerjabahia.com\/#organization\"},\"potentialAction\":[{\"@type\":\"SearchAction\",\"target\":{\"@type\":\"EntryPoint\",\"urlTemplate\":\"https:\/\/www.nerjabahia.com\/?s={search_term_string}\"},\"query-input\":{\"@type\":\"PropertyValueSpecification\",\"valueRequired\":true,\"valueName\":\"search_term_string\"}}],\"inLanguage\":\"de\"},{\"@type\":\"Organization\",\"@id\":\"https:\/\/www.nerjabahia.com\/#organization\",\"name\":\"Apartamentos Tur\u00edsticos Nerja Bah\u00eda\",\"url\":\"https:\/\/www.nerjabahia.com\/\",\"logo\":{\"@type\":\"ImageObject\",\"inLanguage\":\"de\",\"@id\":\"https:\/\/www.nerjabahia.com\/#\/schema\/logo\/image\/\",\"url\":\"https:\/\/www.nerjabahia.com\/wp-content\/uploads\/2019\/05\/logo-nerja-bahia-blue75.png\",\"contentUrl\":\"https:\/\/www.nerjabahia.com\/wp-content\/uploads\/2019\/05\/logo-nerja-bahia-blue75.png\",\"width\":275,\"height\":126,\"caption\":\"Apartamentos Tur\u00edsticos Nerja Bah\u00eda\"},\"image\":{\"@id\":\"https:\/\/www.nerjabahia.com\/#\/schema\/logo\/image\/\"}}]}<\/script>\n<!-- \/ Yoast SEO plugin. -->","yoast_head_json":{"title":"Buchung - Apartamentos Tur\u00edsticos Nerja Bah\u00eda","robots":{"index":"index","follow":"follow","max-snippet":"max-snippet:-1","max-image-preview":"max-image-preview:large","max-video-preview":"max-video-preview:-1"},"canonical":"https:\/\/www.nerjabahia.com\/de\/buchung\/","og_locale":"de_DE","og_type":"article","og_title":"Buchung - Apartamentos Tur\u00edsticos Nerja Bah\u00eda","og_url":"https:\/\/www.nerjabahia.com\/de\/buchung\/","og_site_name":"Apartamentos Tur\u00edsticos Nerja Bah\u00eda","article_modified_time":"2025-12-22T12:15:01+00:00","twitter_card":"summary_large_image","twitter_misc":{"Gesch\u00e4tzte Lesezeit":"1\u00a0Minute"},"schema":{"@context":"https:\/\/schema.org","@graph":[{"@type":"WebPage","@id":"https:\/\/www.nerjabahia.com\/de\/buchung\/","url":"https:\/\/www.nerjabahia.com\/de\/buchung\/","name":"Buchung - Apartamentos Tur\u00edsticos Nerja Bah\u00eda","isPartOf":{"@id":"https:\/\/www.nerjabahia.com\/#website"},"datePublished":"2019-07-05T19:22:41+00:00","dateModified":"2025-12-22T12:15:01+00:00","breadcrumb":{"@id":"https:\/\/www.nerjabahia.com\/de\/buchung\/#breadcrumb"},"inLanguage":"de","potentialAction":[{"@type":"ReadAction","target":["https:\/\/www.nerjabahia.com\/de\/buchung\/"]}]},{"@type":"BreadcrumbList","@id":"https:\/\/www.nerjabahia.com\/de\/buchung\/#breadcrumb","itemListElement":[{"@type":"ListItem","position":1,"name":"Portada","item":"https:\/\/www.nerjabahia.com\/de\/"},{"@type":"ListItem","position":2,"name":"Buchung"}]},{"@type":"WebSite","@id":"https:\/\/www.nerjabahia.com\/#website","url":"https:\/\/www.nerjabahia.com\/","name":"Apartamentos Tur\u00edsticos Nerja Bah\u00eda","description":"","publisher":{"@id":"https:\/\/www.nerjabahia.com\/#organization"},"potentialAction":[{"@type":"SearchAction","target":{"@type":"EntryPoint","urlTemplate":"https:\/\/www.nerjabahia.com\/?s={search_term_string}"},"query-input":{"@type":"PropertyValueSpecification","valueRequired":true,"valueName":"search_term_string"}}],"inLanguage":"de"},{"@type":"Organization","@id":"https:\/\/www.nerjabahia.com\/#organization","name":"Apartamentos Tur\u00edsticos Nerja Bah\u00eda","url":"https:\/\/www.nerjabahia.com\/","logo":{"@type":"ImageObject","inLanguage":"de","@id":"https:\/\/www.nerjabahia.com\/#\/schema\/logo\/image\/","url":"https:\/\/www.nerjabahia.com\/wp-content\/uploads\/2019\/05\/logo-nerja-bahia-blue75.png","contentUrl":"https:\/\/www.nerjabahia.com\/wp-content\/uploads\/2019\/05\/logo-nerja-bahia-blue75.png","width":275,"height":126,"caption":"Apartamentos Tur\u00edsticos Nerja Bah\u00eda"},"image":{"@id":"https:\/\/www.nerjabahia.com\/#\/schema\/logo\/image\/"}}]}},"_links":{"self":[{"href":"https:\/\/www.nerjabahia.com\/de\/wp-json\/wp\/v2\/pages\/3519","targetHints":{"allow":["GET"]}}],"collection":[{"href":"https:\/\/www.nerjabahia.com\/de\/wp-json\/wp\/v2\/pages"}],"about":[{"href":"https:\/\/www.nerjabahia.com\/de\/wp-json\/wp\/v2\/types\/page"}],"author":[{"embeddable":true,"href":"https:\/\/www.nerjabahia.com\/de\/wp-json\/wp\/v2\/users\/1"}],"replies":[{"embeddable":true,"href":"https:\/\/www.nerjabahia.com\/de\/wp-json\/wp\/v2\/comments?post=3519"}],"version-history":[{"count":26,"href":"https:\/\/www.nerjabahia.com\/de\/wp-json\/wp\/v2\/pages\/3519\/revisions"}],"predecessor-version":[{"id":5026,"href":"https:\/\/www.nerjabahia.com\/de\/wp-json\/wp\/v2\/pages\/3519\/revisions\/5026"}],"wp:attachment":[{"href":"https:\/\/www.nerjabahia.com\/de\/wp-json\/wp\/v2\/media?parent=3519"}],"curies":[{"name":"wp","href":"https:\/\/api.w.org\/{rel}","templated":true}]}}