{"id":3988,"date":"2019-07-22T12:24:18","date_gmt":"2019-07-22T10:24:18","guid":{"rendered":"https:\/\/www.nerjabahia.com\/?page_id=3988"},"modified":"2024-10-15T14:09:25","modified_gmt":"2024-10-15T12:09:25","slug":"allgemeine-bedingungen","status":"publish","type":"page","link":"https:\/\/www.nerjabahia.com\/de\/allgemeine-bedingungen\/","title":{"rendered":"Allgemeine Bedingungen"},"content":{"rendered":"<section id=\"bt_section69f26f18db4a8\"  class=\"boldSection topSpaced bottomSpaced gutter inherit\" ><div class=\"port\"><div class=\"boldCell\"><div class=\"boldCellInner\"><div class=\"boldRow \" ><div class=\"boldRowInner\"><div class=\"rowItem col-md-8 col-ms-12 btTextLeft\"  data-width=\"8\"><div class=\"rowItemContent\" ><div class=\"rowItemContentInner\"><header class=\"header btClear extralarge  btHeadlineDefaultColor btBottomDashDefaultColor\" ><div class=\"dash\"><h1><span class=\"headline\">Allgemeine Bedingungen<\/span><\/h1><\/div><\/header><div class=\"btText\" ><\/p>\n<h4><strong>RESERVIERUNGEN<\/strong><\/h4>\n<ul>\n<li><span class=\"tlid-translation translation\" lang=\"de\" tabindex=\"-1\"><span class=\"\" title=\"\">Die An- und Abreise kann an jedem Wochentag erfolgen, je nach Verf\u00fcgbarkeit.<\/span><\/span><\/li>\n<li><span class=\"tlid-translation translation\" lang=\"de\" tabindex=\"-1\"><span class=\"\" title=\"\">Die Reservierungen sind bis 18:00 Uhr g\u00fcltig, sofern nicht eine sp\u00e4tere Anreise angek\u00fcndigt wird.<\/span><\/span><\/li>\n<li><span class=\"tlid-translation translation\" lang=\"de\" tabindex=\"-1\"><span class=\"\" title=\"\">Der Eintritt ist ab 15:00 Uhr oder sobald die Wohnung fertig ist.<\/span><\/span><\/li>\n<li><span class=\"tlid-translation translation\" lang=\"de\" tabindex=\"-1\"><span class=\"\" title=\"\">Die Abreise erfolgt am geplanten Tag vor 12:00 Uhr.<\/span><\/span><\/li>\n<li><span class=\"tlid-translation translation\" lang=\"de\" tabindex=\"-1\"><span class=\"\" title=\"\">24 Stunden Rezeption.<\/span><\/span><\/li>\n<li><span class=\"tlid-translation translation\" lang=\"de\" tabindex=\"-1\"><span title=\"\">Die Mindestreservierung im Voraus betr\u00e4gt 7 N\u00e4chte, insbesondere von Juni bis September und zu besonderen Terminen.<\/span> <span class=\"\" title=\"\">Wenden Sie sich an m\u00f6gliche niedrigere Reserven.<\/span><\/span><\/li>\n<li><span class=\"tlid-translation translation\" lang=\"de\"><span class=\"\" title=\"\">Zu Ostern betr\u00e4gt die Mindestreservierung 3 N\u00e4chte im Voraus (ausgenommen Apartments mit 2 Schlafzimmern, je nach Verf\u00fcgbarkeit).<\/span><\/span><\/li>\n<li>Obwohl die Reservierung normalerweise durch Zahlung von 25% der gesamten Miete erfolgen kann und die Differenz ist bei der Ankunft bezahlt, w\u00fcrden wir keinen Betrag als Anzahlung f\u00fcr die Reservierung erheben.Wir ben\u00f6tigen nur, dass Sie uns die Daten einer Kreditkarte (Visa oder Mastercard: die Nummer und das Ablaufdatum) mitteilen. Wir senden Ihnen dann die Best\u00e4tigung Ihrer Reservierung zu.<\/li>\n<li><strong>STORNIERUNGEN<\/strong>: Stornierungen und \u00c4nderungen, die bis zu 15 Tage vor Anreisedatum erfolgen (21 Tage vom 01. Juli bis 15. September), sind kostenfrei. Im Falle einer sp\u00e4teren Stornierung oder Nichtanreise berechnet die Unterkunft 50% des Gesamtbetrags der Reservierung \u00fcber die Visa Kreditkartendaten, die Sie uns im Namen von Frau Gudrun Westphal als Garantie bereitgestellt haben.<\/li>\n<li>Bei Reservierungen von 4 N\u00e4chten oder weniger berechnet die Unterkunft 100% des Gesamtbetrags der Reservierung.<\/li>\n<li><strong style=\"white-space-collapse: preserve; font-size: 24px;\">REINIGUNG<\/strong><\/li>\n<\/ul>\n<ul>\n<li><span class=\"tlid-translation translation\" lang=\"de\"><span class=\"\" title=\"\">Eingangsreinigung und neue Reinigung des Apartments und Wechsel der Bettw\u00e4sche und Handt\u00fccher alle 4 Tage bei einer Mindestbuchung von 7 N\u00e4chten.<\/span><\/span><\/li>\n<li><span class=\"tlid-translation translation\" lang=\"de\"><span class=\"\" title=\"\">Wir stellen keine Handt\u00fccher f\u00fcr den Strand oder den Pool zur Verf\u00fcgung<\/span><\/span><\/li>\n<\/ul>\n<h4><strong>HAUSTIERE<\/strong><\/h4>\n<ul>\n<li>Haustiere sind nicht erlaubt.<\/li>\n<\/ul>\n<h4><strong>PREISE EXTRAS DIENSTLEISTUNGEN<\/strong><\/h4>\n<ul>\n<li>Zustellbett: 40 \u20ac \/ Nacht.<\/li>\n<li>Parken: 17 \u20ac \/ Nacht.<\/li>\n<li>Safe: 2,5 \u20ac \/ Nacht.<\/li>\n<li>Wiege: 10 \u20ac \/ Nacht.<\/li>\n<li>G\u00dcLTIGE MWST INKLUSIVE.<\/li>\n<li>AKTUELLE MEHRWERTSTEUER (15%) INKLUSIVE.<\/li>\n<li>Offen: 01. MAI 2025 bis 30. Oktober 2025 (beide inbegriffen).<\/li>\n<\/ul>\n<p>Wenn Sie weitere Informationen ben\u00f6tigen, z\u00f6gern Sie nicht, uns \u00fcber unser Kontaktformular und \/ oder unsere E-Mail zu kontaktieren <a href=\"mailto:info@nerjabahia.com\">info@nerjabahia.com<\/a><\/p>\n<p>\n<\/div><\/div><\/div><\/div><div class=\"rowItem col-md-4 col-ms-12 btTextLeft\"  data-width=\"4\"><div class=\"rowItemContent\" ><div class=\"rowItemContentInner\"><\/div><\/div><\/div><\/div><\/div><\/div><\/div><\/div><\/section>\n","protected":false},"excerpt":{"rendered":"","protected":false},"author":1,"featured_media":0,"parent":0,"menu_order":0,"comment_status":"closed","ping_status":"closed","template":"","meta":{"footnotes":""},"class_list":["post-3988","page","type-page","status-publish","hentry"],"yoast_head":"<!-- This site is optimized with the Yoast SEO plugin v26.5 - https:\/\/yoast.com\/wordpress\/plugins\/seo\/ -->\n<title>Allgemeine Bedingungen - Apartamentos Tur\u00edsticos Nerja Bah\u00eda<\/title>\n<meta name=\"robots\" content=\"index, follow, max-snippet:-1, max-image-preview:large, max-video-preview:-1\" \/>\n<link rel=\"canonical\" href=\"https:\/\/www.nerjabahia.com\/de\/allgemeine-bedingungen\/\" \/>\n<meta property=\"og:locale\" content=\"de_DE\" \/>\n<meta property=\"og:type\" content=\"article\" \/>\n<meta property=\"og:title\" content=\"Allgemeine Bedingungen - Apartamentos Tur\u00edsticos Nerja Bah\u00eda\" \/>\n<meta property=\"og:url\" content=\"https:\/\/www.nerjabahia.com\/de\/allgemeine-bedingungen\/\" \/>\n<meta property=\"og:site_name\" content=\"Apartamentos Tur\u00edsticos Nerja Bah\u00eda\" \/>\n<meta property=\"article:modified_time\" content=\"2024-10-15T12:09:25+00:00\" \/>\n<meta name=\"twitter:card\" content=\"summary_large_image\" \/>\n<meta name=\"twitter:label1\" content=\"Gesch\u00e4tzte Lesezeit\" \/>\n\t<meta name=\"twitter:data1\" content=\"2\u00a0Minuten\" \/>\n<script type=\"application\/ld+json\" class=\"yoast-schema-graph\">{\"@context\":\"https:\/\/schema.org\",\"@graph\":[{\"@type\":\"WebPage\",\"@id\":\"https:\/\/www.nerjabahia.com\/de\/allgemeine-bedingungen\/\",\"url\":\"https:\/\/www.nerjabahia.com\/de\/allgemeine-bedingungen\/\",\"name\":\"Allgemeine Bedingungen - Apartamentos Tur\u00edsticos Nerja Bah\u00eda\",\"isPartOf\":{\"@id\":\"https:\/\/www.nerjabahia.com\/#website\"},\"datePublished\":\"2019-07-22T10:24:18+00:00\",\"dateModified\":\"2024-10-15T12:09:25+00:00\",\"breadcrumb\":{\"@id\":\"https:\/\/www.nerjabahia.com\/de\/allgemeine-bedingungen\/#breadcrumb\"},\"inLanguage\":\"de\",\"potentialAction\":[{\"@type\":\"ReadAction\",\"target\":[\"https:\/\/www.nerjabahia.com\/de\/allgemeine-bedingungen\/\"]}]},{\"@type\":\"BreadcrumbList\",\"@id\":\"https:\/\/www.nerjabahia.com\/de\/allgemeine-bedingungen\/#breadcrumb\",\"itemListElement\":[{\"@type\":\"ListItem\",\"position\":1,\"name\":\"Portada\",\"item\":\"https:\/\/www.nerjabahia.com\/de\/\"},{\"@type\":\"ListItem\",\"position\":2,\"name\":\"Allgemeine Bedingungen\"}]},{\"@type\":\"WebSite\",\"@id\":\"https:\/\/www.nerjabahia.com\/#website\",\"url\":\"https:\/\/www.nerjabahia.com\/\",\"name\":\"Apartamentos Tur\u00edsticos Nerja Bah\u00eda\",\"description\":\"\",\"publisher\":{\"@id\":\"https:\/\/www.nerjabahia.com\/#organization\"},\"potentialAction\":[{\"@type\":\"SearchAction\",\"target\":{\"@type\":\"EntryPoint\",\"urlTemplate\":\"https:\/\/www.nerjabahia.com\/?s={search_term_string}\"},\"query-input\":{\"@type\":\"PropertyValueSpecification\",\"valueRequired\":true,\"valueName\":\"search_term_string\"}}],\"inLanguage\":\"de\"},{\"@type\":\"Organization\",\"@id\":\"https:\/\/www.nerjabahia.com\/#organization\",\"name\":\"Apartamentos Tur\u00edsticos Nerja Bah\u00eda\",\"url\":\"https:\/\/www.nerjabahia.com\/\",\"logo\":{\"@type\":\"ImageObject\",\"inLanguage\":\"de\",\"@id\":\"https:\/\/www.nerjabahia.com\/#\/schema\/logo\/image\/\",\"url\":\"https:\/\/www.nerjabahia.com\/wp-content\/uploads\/2019\/05\/logo-nerja-bahia-blue75.png\",\"contentUrl\":\"https:\/\/www.nerjabahia.com\/wp-content\/uploads\/2019\/05\/logo-nerja-bahia-blue75.png\",\"width\":275,\"height\":126,\"caption\":\"Apartamentos Tur\u00edsticos Nerja Bah\u00eda\"},\"image\":{\"@id\":\"https:\/\/www.nerjabahia.com\/#\/schema\/logo\/image\/\"}}]}<\/script>\n<!-- \/ Yoast SEO plugin. -->","yoast_head_json":{"title":"Allgemeine Bedingungen - Apartamentos Tur\u00edsticos Nerja Bah\u00eda","robots":{"index":"index","follow":"follow","max-snippet":"max-snippet:-1","max-image-preview":"max-image-preview:large","max-video-preview":"max-video-preview:-1"},"canonical":"https:\/\/www.nerjabahia.com\/de\/allgemeine-bedingungen\/","og_locale":"de_DE","og_type":"article","og_title":"Allgemeine Bedingungen - Apartamentos Tur\u00edsticos Nerja Bah\u00eda","og_url":"https:\/\/www.nerjabahia.com\/de\/allgemeine-bedingungen\/","og_site_name":"Apartamentos Tur\u00edsticos Nerja Bah\u00eda","article_modified_time":"2024-10-15T12:09:25+00:00","twitter_card":"summary_large_image","twitter_misc":{"Gesch\u00e4tzte Lesezeit":"2\u00a0Minuten"},"schema":{"@context":"https:\/\/schema.org","@graph":[{"@type":"WebPage","@id":"https:\/\/www.nerjabahia.com\/de\/allgemeine-bedingungen\/","url":"https:\/\/www.nerjabahia.com\/de\/allgemeine-bedingungen\/","name":"Allgemeine Bedingungen - Apartamentos Tur\u00edsticos Nerja Bah\u00eda","isPartOf":{"@id":"https:\/\/www.nerjabahia.com\/#website"},"datePublished":"2019-07-22T10:24:18+00:00","dateModified":"2024-10-15T12:09:25+00:00","breadcrumb":{"@id":"https:\/\/www.nerjabahia.com\/de\/allgemeine-bedingungen\/#breadcrumb"},"inLanguage":"de","potentialAction":[{"@type":"ReadAction","target":["https:\/\/www.nerjabahia.com\/de\/allgemeine-bedingungen\/"]}]},{"@type":"BreadcrumbList","@id":"https:\/\/www.nerjabahia.com\/de\/allgemeine-bedingungen\/#breadcrumb","itemListElement":[{"@type":"ListItem","position":1,"name":"Portada","item":"https:\/\/www.nerjabahia.com\/de\/"},{"@type":"ListItem","position":2,"name":"Allgemeine Bedingungen"}]},{"@type":"WebSite","@id":"https:\/\/www.nerjabahia.com\/#website","url":"https:\/\/www.nerjabahia.com\/","name":"Apartamentos Tur\u00edsticos Nerja Bah\u00eda","description":"","publisher":{"@id":"https:\/\/www.nerjabahia.com\/#organization"},"potentialAction":[{"@type":"SearchAction","target":{"@type":"EntryPoint","urlTemplate":"https:\/\/www.nerjabahia.com\/?s={search_term_string}"},"query-input":{"@type":"PropertyValueSpecification","valueRequired":true,"valueName":"search_term_string"}}],"inLanguage":"de"},{"@type":"Organization","@id":"https:\/\/www.nerjabahia.com\/#organization","name":"Apartamentos Tur\u00edsticos Nerja Bah\u00eda","url":"https:\/\/www.nerjabahia.com\/","logo":{"@type":"ImageObject","inLanguage":"de","@id":"https:\/\/www.nerjabahia.com\/#\/schema\/logo\/image\/","url":"https:\/\/www.nerjabahia.com\/wp-content\/uploads\/2019\/05\/logo-nerja-bahia-blue75.png","contentUrl":"https:\/\/www.nerjabahia.com\/wp-content\/uploads\/2019\/05\/logo-nerja-bahia-blue75.png","width":275,"height":126,"caption":"Apartamentos Tur\u00edsticos Nerja Bah\u00eda"},"image":{"@id":"https:\/\/www.nerjabahia.com\/#\/schema\/logo\/image\/"}}]}},"_links":{"self":[{"href":"https:\/\/www.nerjabahia.com\/de\/wp-json\/wp\/v2\/pages\/3988","targetHints":{"allow":["GET"]}}],"collection":[{"href":"https:\/\/www.nerjabahia.com\/de\/wp-json\/wp\/v2\/pages"}],"about":[{"href":"https:\/\/www.nerjabahia.com\/de\/wp-json\/wp\/v2\/types\/page"}],"author":[{"embeddable":true,"href":"https:\/\/www.nerjabahia.com\/de\/wp-json\/wp\/v2\/users\/1"}],"replies":[{"embeddable":true,"href":"https:\/\/www.nerjabahia.com\/de\/wp-json\/wp\/v2\/comments?post=3988"}],"version-history":[{"count":23,"href":"https:\/\/www.nerjabahia.com\/de\/wp-json\/wp\/v2\/pages\/3988\/revisions"}],"predecessor-version":[{"id":4779,"href":"https:\/\/www.nerjabahia.com\/de\/wp-json\/wp\/v2\/pages\/3988\/revisions\/4779"}],"wp:attachment":[{"href":"https:\/\/www.nerjabahia.com\/de\/wp-json\/wp\/v2\/media?parent=3988"}],"curies":[{"name":"wp","href":"https:\/\/api.w.org\/{rel}","templated":true}]}}